{"id":4528,"date":"2023-11-05T20:11:25","date_gmt":"2023-11-05T20:11:25","guid":{"rendered":"https:\/\/wp.bioresis.com\/food-seasoning-2\/"},"modified":"2023-11-06T13:49:37","modified_gmt":"2023-11-06T13:49:37","slug":"food-seasoning","status":"publish","type":"page","link":"https:\/\/wp.bioresis.com\/es\/food-seasoning\/","title":{"rendered":"Food Seasoning"},"content":{"rendered":"<div data-elementor-type=\"wp-page\" data-elementor-id=\"4528\" class=\"elementor elementor-4528\" data-elementor-post-type=\"page\">\n\t\t\t\t\t\t<section class=\"elementor-section elementor-top-section elementor-element elementor-element-253653f7 elementor-section-full_width elementor-section-height-min-height elementor-section-items-stretch elementor-section-content-middle elementor-reverse-mobile elementor-reverse-tablet elementor-section-height-default\" data-id=\"253653f7\" data-element_type=\"section\" data-e-type=\"section\" data-settings=\"{&quot;background_background&quot;:&quot;classic&quot;}\">\n\t\t\t\t\t\t<div class=\"elementor-container elementor-column-gap-no\">\n\t\t\t\t\t<div class=\"elementor-column elementor-col-50 elementor-top-column elementor-element elementor-element-fced709\" data-id=\"fced709\" data-element_type=\"column\" data-e-type=\"column\">\n\t\t\t<div class=\"elementor-widget-wrap elementor-element-populated\">\n\t\t\t\t\t\t<div class=\"elementor-element elementor-element-48a22786 animated-fast elementor-invisible elementor-widget elementor-widget-heading\" data-id=\"48a22786\" data-element_type=\"widget\" data-e-type=\"widget\" data-settings=\"{&quot;_animation&quot;:&quot;fadeIn&quot;}\" data-widget_type=\"heading.default\">\n\t\t\t\t<div class=\"elementor-widget-container\">\n\t\t\t\t\t<h1 class=\"elementor-heading-title elementor-size-default\">El mayor condimento Bioresis Halal de hongos medicinales org\u00e1nicos Beta Glucan 1-3,1-6<\/h1>\t\t\t\t<\/div>\n\t\t\t\t<\/div>\n\t\t\t\t\t<\/div>\n\t\t<\/div>\n\t\t\t\t<div class=\"elementor-column elementor-col-50 elementor-top-column elementor-element elementor-element-4d45eca7\" data-id=\"4d45eca7\" data-element_type=\"column\" data-e-type=\"column\" data-settings=\"{&quot;background_background&quot;:&quot;classic&quot;}\">\n\t\t\t<div class=\"elementor-widget-wrap elementor-element-populated\">\n\t\t\t\t\t\t<div class=\"elementor-element elementor-element-14b39e63 elementor-widget elementor-widget-spacer\" data-id=\"14b39e63\" data-element_type=\"widget\" data-e-type=\"widget\" data-widget_type=\"spacer.default\">\n\t\t\t\t<div class=\"elementor-widget-container\">\n\t\t\t\t\t\t\t<div class=\"elementor-spacer\">\n\t\t\t<div class=\"elementor-spacer-inner\"><\/div>\n\t\t<\/div>\n\t\t\t\t\t\t<\/div>\n\t\t\t\t<\/div>\n\t\t\t\t\t<\/div>\n\t\t<\/div>\n\t\t\t\t\t<\/div>\n\t\t<\/section>\n\t\t\t\t<section class=\"elementor-section elementor-top-section elementor-element elementor-element-77ae491e elementor-section-height-min-height elementor-section-boxed elementor-section-height-default elementor-section-items-middle\" data-id=\"77ae491e\" data-element_type=\"section\" data-e-type=\"section\" data-settings=\"{&quot;background_background&quot;:&quot;classic&quot;}\">\n\t\t\t\t\t\t<div class=\"elementor-container elementor-column-gap-default\">\n\t\t\t\t\t<div class=\"elementor-column elementor-col-100 elementor-top-column elementor-element elementor-element-6f56d27a\" data-id=\"6f56d27a\" data-element_type=\"column\" data-e-type=\"column\">\n\t\t\t<div class=\"elementor-widget-wrap elementor-element-populated\">\n\t\t\t\t\t\t<div class=\"elementor-element elementor-element-7160e3f2 elementor-invisible elementor-widget elementor-widget-heading\" data-id=\"7160e3f2\" data-element_type=\"widget\" data-e-type=\"widget\" data-settings=\"{&quot;_animation&quot;:&quot;fadeInUp&quot;}\" data-widget_type=\"heading.default\">\n\t\t\t\t<div class=\"elementor-widget-container\">\n\t\t\t\t\t<h2 class=\"elementor-heading-title elementor-size-default\">\u00bfPor qu\u00e9 el condimento Bioresis Organic Medicinal Mushroom Beta Glucan 1-3,1-6 es tan potente?<\/h2>\t\t\t\t<\/div>\n\t\t\t\t<\/div>\n\t\t\t\t<div class=\"elementor-element elementor-element-7c90fda6 elementor-widget elementor-widget-text-editor\" data-id=\"7c90fda6\" data-element_type=\"widget\" data-e-type=\"widget\" data-widget_type=\"text-editor.default\">\n\t\t\t\t<div class=\"elementor-widget-container\">\n\t\t\t\t\t\t\t\t\t<p class=\"translation-block\">El cuerpo humano tiene grandes gl\u00f3bulos blancos \"macr\u00f3fagos\" (es decir, grandes comedores), como fagocitos, neutr\u00f3filos y otras c\u00e9lulas similares que se encuentran en todos los tejidos de nuestro cuerpo y que literalmente devoran bacterias, c\u00e9lulas extra\u00f1as, c\u00e9lulas muertas y moribundas, c\u00e9lulas mutadas y otros elementos negativos. invasores en nuestro torrente sangu\u00edneo. Cuando tomas la gama de productos y condimentos <strong>Beta Glucan 1-3,1-6 del Hongo Medicinal Org\u00e1nico Bioresis, estas c\u00e9lulas inmunes son m\u00e1s activas, m\u00e1s poderosas y efectivas para atacar y consumir lo que no pertenece a nuestro sistemas.<\/p><p class=\"translation-block\">El <strong>Condimento Beta Glucan 1-3,1-6 de Hongos Medicinales Org\u00e1nicos Bioresis<\/strong> es un condimento de cocina natural org\u00e1nico Halal que tambi\u00e9n es adecuado para vegetarianos. <strong>Condimento Beta Glucano de Hongos Medicinales Org\u00e1nicos Bioresis 1-3,1-6<\/strong> se puede utilizar para cocinar, hacer sopa, servir con fideos, fritos, marinar, etc. <strong>Beta Glucano de Hongos Medicinales Org\u00e1nicos Bioresis Los condimentos 1-3,1-6<\/strong> son maravillosos condimentos naturales que ayudan a las personas a estar m\u00e1s saludables, vivir m\u00e1s tiempo de forma natural y mejorar su sistema inmunol\u00f3gico.<\/p><p class=\"translation-block\">Tenemos m\u00e1s de 26 tipos de hongos medicinales como nuestra f\u00f3rmula de condimento <strong>Beta Glucan 1-3,1-6<\/strong> de Hongos Medicinales Org\u00e1nicos Bioresis. Tambi\u00e9n brindamos servicio OEM seg\u00fan los requisitos del cliente.<\/p><p>Nuestros productos de excelente calidad, precios competitivos y servicios confiables garantizar\u00e1n que nuestros clientes obtengan fuertes ventajas sobre los competidores.<\/p>\t\t\t\t\t\t\t\t<\/div>\n\t\t\t\t<\/div>\n\t\t\t\t\t<\/div>\n\t\t<\/div>\n\t\t\t\t\t<\/div>\n\t\t<\/section>\n\t\t\t\t<\/div>","protected":false},"excerpt":{"rendered":"<p>The greatest Bioresis Halal Organic Medicinal Mushroom Beta Glucan 1-3,1-6\u00a0seasoning Why Bioresis Organic Medicinal Mushroom Beta Glucan 1-3,1-6 seasoning so powerful? Human&#8217;s body have large white blood cells &#8220;macrophages&#8221;(i.e. great eaters) such as phagocytes, neutrophils and other such cells found in all the tissues of our bodies that literally devour bacteria, foreign cells, dead and [&hellip;]<\/p>\n","protected":false},"author":2,"featured_media":0,"parent":0,"menu_order":0,"comment_status":"closed","ping_status":"closed","template":"","meta":{"footnotes":""},"class_list":["post-4528","page","type-page","status-publish","hentry"],"yoast_head":"<!-- This site is optimized with the Yoast SEO plugin v27.4 - https:\/\/yoast.com\/product\/yoast-seo-wordpress\/ -->\n<title>Food Seasoning - Bioresis<\/title>\n<meta name=\"robots\" content=\"index, follow, max-snippet:-1, max-image-preview:large, max-video-preview:-1\" \/>\n<link rel=\"canonical\" href=\"https:\/\/wp.bioresis.com\/es\/food-seasoning\/\" \/>\n<meta property=\"og:locale\" content=\"es_ES\" \/>\n<meta property=\"og:type\" content=\"article\" \/>\n<meta property=\"og:title\" content=\"Food Seasoning - Bioresis\" \/>\n<meta property=\"og:description\" content=\"The greatest Bioresis Halal Organic Medicinal Mushroom Beta Glucan 1-3,1-6\u00a0seasoning Why Bioresis Organic Medicinal Mushroom Beta Glucan 1-3,1-6 seasoning so powerful? Human&#8217;s body have large white blood cells &#8220;macrophages&#8221;(i.e. great eaters) such as phagocytes, neutrophils and other such cells found in all the tissues of our bodies that literally devour bacteria, foreign cells, dead and [&hellip;]\" \/>\n<meta property=\"og:url\" content=\"https:\/\/wp.bioresis.com\/es\/food-seasoning\/\" \/>\n<meta property=\"og:site_name\" content=\"Bioresis\" \/>\n<meta property=\"article:modified_time\" content=\"2023-11-06T13:49:37+00:00\" \/>\n<meta name=\"twitter:card\" content=\"summary_large_image\" \/>\n<meta name=\"twitter:label1\" content=\"Tiempo de lectura\" \/>\n\t<meta name=\"twitter:data1\" content=\"1 minuto\" \/>\n<script type=\"application\/ld+json\" class=\"yoast-schema-graph\">{\"@context\":\"https:\\\/\\\/schema.org\",\"@graph\":[{\"@type\":\"WebPage\",\"@id\":\"https:\\\/\\\/wp.bioresis.com\\\/food-seasoning\\\/\",\"url\":\"https:\\\/\\\/wp.bioresis.com\\\/food-seasoning\\\/\",\"name\":\"Food Seasoning - Bioresis\",\"isPartOf\":{\"@id\":\"https:\\\/\\\/wp.bioresis.com\\\/#website\"},\"datePublished\":\"2023-11-05T20:11:25+00:00\",\"dateModified\":\"2023-11-06T13:49:37+00:00\",\"breadcrumb\":{\"@id\":\"https:\\\/\\\/wp.bioresis.com\\\/food-seasoning\\\/#breadcrumb\"},\"inLanguage\":\"es\",\"potentialAction\":[{\"@type\":\"ReadAction\",\"target\":[\"https:\\\/\\\/wp.bioresis.com\\\/food-seasoning\\\/\"]}]},{\"@type\":\"BreadcrumbList\",\"@id\":\"https:\\\/\\\/wp.bioresis.com\\\/food-seasoning\\\/#breadcrumb\",\"itemListElement\":[{\"@type\":\"ListItem\",\"position\":1,\"name\":\"Home\",\"item\":\"https:\\\/\\\/wp.bioresis.com\\\/\"},{\"@type\":\"ListItem\",\"position\":2,\"name\":\"Food Seasoning\"}]},{\"@type\":\"WebSite\",\"@id\":\"https:\\\/\\\/wp.bioresis.com\\\/#website\",\"url\":\"https:\\\/\\\/wp.bioresis.com\\\/\",\"name\":\"Bioresis\",\"description\":\"Bioresis\",\"publisher\":{\"@id\":\"https:\\\/\\\/wp.bioresis.com\\\/#organization\"},\"potentialAction\":[{\"@type\":\"SearchAction\",\"target\":{\"@type\":\"EntryPoint\",\"urlTemplate\":\"https:\\\/\\\/wp.bioresis.com\\\/?s={search_term_string}\"},\"query-input\":{\"@type\":\"PropertyValueSpecification\",\"valueRequired\":true,\"valueName\":\"search_term_string\"}}],\"inLanguage\":\"es\"},{\"@type\":\"Organization\",\"@id\":\"https:\\\/\\\/wp.bioresis.com\\\/#organization\",\"name\":\"Bioresis\",\"url\":\"https:\\\/\\\/wp.bioresis.com\\\/\",\"logo\":{\"@type\":\"ImageObject\",\"inLanguage\":\"es\",\"@id\":\"https:\\\/\\\/wp.bioresis.com\\\/#\\\/schema\\\/logo\\\/image\\\/\",\"url\":\"https:\\\/\\\/wp.bioresis.com\\\/wp-content\\\/uploads\\\/2023\\\/11\\\/BIORESIS-LOGO.png\",\"contentUrl\":\"https:\\\/\\\/wp.bioresis.com\\\/wp-content\\\/uploads\\\/2023\\\/11\\\/BIORESIS-LOGO.png\",\"width\":2000,\"height\":1414,\"caption\":\"Bioresis\"},\"image\":{\"@id\":\"https:\\\/\\\/wp.bioresis.com\\\/#\\\/schema\\\/logo\\\/image\\\/\"}}]}<\/script>\n<!-- \/ Yoast SEO plugin. -->","yoast_head_json":{"title":"Food Seasoning - Bioresis","robots":{"index":"index","follow":"follow","max-snippet":"max-snippet:-1","max-image-preview":"max-image-preview:large","max-video-preview":"max-video-preview:-1"},"canonical":"https:\/\/wp.bioresis.com\/es\/food-seasoning\/","og_locale":"es_ES","og_type":"article","og_title":"Food Seasoning - Bioresis","og_description":"The greatest Bioresis Halal Organic Medicinal Mushroom Beta Glucan 1-3,1-6\u00a0seasoning Why Bioresis Organic Medicinal Mushroom Beta Glucan 1-3,1-6 seasoning so powerful? Human&#8217;s body have large white blood cells &#8220;macrophages&#8221;(i.e. great eaters) such as phagocytes, neutrophils and other such cells found in all the tissues of our bodies that literally devour bacteria, foreign cells, dead and [&hellip;]","og_url":"https:\/\/wp.bioresis.com\/es\/food-seasoning\/","og_site_name":"Bioresis","article_modified_time":"2023-11-06T13:49:37+00:00","twitter_card":"summary_large_image","twitter_misc":{"Tiempo de lectura":"1 minuto"},"schema":{"@context":"https:\/\/schema.org","@graph":[{"@type":"WebPage","@id":"https:\/\/wp.bioresis.com\/food-seasoning\/","url":"https:\/\/wp.bioresis.com\/food-seasoning\/","name":"Food Seasoning - Bioresis","isPartOf":{"@id":"https:\/\/wp.bioresis.com\/#website"},"datePublished":"2023-11-05T20:11:25+00:00","dateModified":"2023-11-06T13:49:37+00:00","breadcrumb":{"@id":"https:\/\/wp.bioresis.com\/food-seasoning\/#breadcrumb"},"inLanguage":"es","potentialAction":[{"@type":"ReadAction","target":["https:\/\/wp.bioresis.com\/food-seasoning\/"]}]},{"@type":"BreadcrumbList","@id":"https:\/\/wp.bioresis.com\/food-seasoning\/#breadcrumb","itemListElement":[{"@type":"ListItem","position":1,"name":"Home","item":"https:\/\/wp.bioresis.com\/"},{"@type":"ListItem","position":2,"name":"Food Seasoning"}]},{"@type":"WebSite","@id":"https:\/\/wp.bioresis.com\/#website","url":"https:\/\/wp.bioresis.com\/","name":"Bioresis","description":"Bioresis","publisher":{"@id":"https:\/\/wp.bioresis.com\/#organization"},"potentialAction":[{"@type":"SearchAction","target":{"@type":"EntryPoint","urlTemplate":"https:\/\/wp.bioresis.com\/?s={search_term_string}"},"query-input":{"@type":"PropertyValueSpecification","valueRequired":true,"valueName":"search_term_string"}}],"inLanguage":"es"},{"@type":"Organization","@id":"https:\/\/wp.bioresis.com\/#organization","name":"Bioresis","url":"https:\/\/wp.bioresis.com\/","logo":{"@type":"ImageObject","inLanguage":"es","@id":"https:\/\/wp.bioresis.com\/#\/schema\/logo\/image\/","url":"https:\/\/wp.bioresis.com\/wp-content\/uploads\/2023\/11\/BIORESIS-LOGO.png","contentUrl":"https:\/\/wp.bioresis.com\/wp-content\/uploads\/2023\/11\/BIORESIS-LOGO.png","width":2000,"height":1414,"caption":"Bioresis"},"image":{"@id":"https:\/\/wp.bioresis.com\/#\/schema\/logo\/image\/"}}]}},"_links":{"self":[{"href":"https:\/\/wp.bioresis.com\/es\/wp-json\/wp\/v2\/pages\/4528","targetHints":{"allow":["GET"]}}],"collection":[{"href":"https:\/\/wp.bioresis.com\/es\/wp-json\/wp\/v2\/pages"}],"about":[{"href":"https:\/\/wp.bioresis.com\/es\/wp-json\/wp\/v2\/types\/page"}],"author":[{"embeddable":true,"href":"https:\/\/wp.bioresis.com\/es\/wp-json\/wp\/v2\/users\/2"}],"replies":[{"embeddable":true,"href":"https:\/\/wp.bioresis.com\/es\/wp-json\/wp\/v2\/comments?post=4528"}],"version-history":[{"count":4,"href":"https:\/\/wp.bioresis.com\/es\/wp-json\/wp\/v2\/pages\/4528\/revisions"}],"predecessor-version":[{"id":4671,"href":"https:\/\/wp.bioresis.com\/es\/wp-json\/wp\/v2\/pages\/4528\/revisions\/4671"}],"wp:attachment":[{"href":"https:\/\/wp.bioresis.com\/es\/wp-json\/wp\/v2\/media?parent=4528"}],"curies":[{"name":"wp","href":"https:\/\/api.w.org\/{rel}","templated":true}]}}